{"id":518,"date":"2026-03-26T11:20:37","date_gmt":"2026-03-26T11:20:37","guid":{"rendered":"https:\/\/arqueoloxia.es\/?page_id=518"},"modified":"2026-03-29T15:26:06","modified_gmt":"2026-03-29T15:26:06","slug":"nuestros-servicios","status":"publish","type":"page","link":"https:\/\/arqueoloxia.es\/?page_id=518","title":{"rendered":"Nuestros servicios"},"content":{"rendered":"\n<div class=\"wp-block-group banner-wrap is-style-default has-background\" style=\"border-top-left-radius:0px;border-top-right-radius:0px;border-bottom-left-radius:0px;border-bottom-right-radius:0px;min-height:0px;margin-top:0px;margin-bottom:0px;padding-top:0;padding-right:var(--wp--preset--spacing--80);padding-bottom:0;padding-left:var(--wp--preset--spacing--80);background-image:url(&apos;https:\/\/arqueoloxia.es\/wp-content\/uploads\/2026\/03\/AdobeStock_485580127-scaled.jpeg&apos;);background-position:78% 72%;background-size:cover;\"><div class=\"wp-block-group__inner-container is-layout-constrained wp-container-core-group-is-layout-06e149f9 wp-block-group-is-layout-constrained\">\n<div class=\"wp-block-group alignfull\"><div class=\"wp-block-group__inner-container is-layout-flow wp-block-group-is-layout-flow\">\n<div class=\"wp-block-group centrar-bloque h-screen\" style=\"min-height:0px;margin-top:0;margin-bottom:0;padding-top:var(--wp--preset--spacing--superbspacing-xxlarge);padding-right:var(--wp--preset--spacing--superbspacing-small);padding-bottom:var(--wp--preset--spacing--superbspacing-xxlarge);padding-left:var(--wp--preset--spacing--superbspacing-small)\"><div class=\"wp-block-group__inner-container is-layout-constrained wp-container-core-group-is-layout-2a8827a7 wp-block-group-is-layout-constrained\">\n<div class=\"wp-block-group alignwide\"><div class=\"wp-block-group__inner-container is-layout-constrained wp-container-core-group-is-layout-3cc0ebc6 wp-block-group-is-layout-constrained\">\n<h2 class=\"wp-block-heading alignwide has-text-align-center has-theme-palette-1-color has-text-color has-superbfont-xlarge-font-size\" style=\"margin-top:var(--wp--preset--spacing--80);margin-bottom:var(--wp--preset--spacing--80)\">\u00bfQu\u00e9 hacemos?<\/h2>\n<\/div><\/div>\n\n\n\n<div class=\"wp-block-columns alignwide is-layout-flex wp-container-core-columns-is-layout-d327e3c3 wp-block-columns-is-layout-flex\">\n<div class=\"wp-block-column is-vertically-aligned-center has-theme-palette-1-background-color has-background has-theme-palette1-background-color is-layout-flow wp-block-column-is-layout-flow\" style=\"border-top-left-radius:15px;border-top-right-radius:15px;border-bottom-left-radius:15px;border-bottom-right-radius:15px;padding-top:var(--wp--preset--spacing--20);padding-right:var(--wp--preset--spacing--20);padding-bottom:var(--wp--preset--spacing--20);padding-left:var(--wp--preset--spacing--20);box-shadow:var(--wp--preset--shadow--natural)\"><div class=\"wp-block-image\">\n<figure class=\"aligncenter size-full is-resized\" style=\"margin-top:0;margin-bottom:0\"><img loading=\"lazy\" decoding=\"async\" width=\"49\" height=\"49\" src=\"https:\/\/arqueoloxia.es\/wp-content\/uploads\/2026\/03\/noun-engineer-2407473.png\" alt=\"trabajador de obra civil\" class=\"wp-image-616\" style=\"width:30px;height:auto\"\/><\/figure>\n<\/div>\n\n\n<h3 class=\"wp-block-heading has-text-align-center has-theme-palette-4-color has-text-color has-superbfont-small-font-size\" style=\"margin-top:0;margin-bottom:0\">Obra Civil<\/h3>\n\n\n\n<p class=\"has-text-align-center has-secondary-color has-text-color has-superbfont-xsmall-font-size\">Control arqueol\u00f3gico de obra civil y edificaci\u00f3n en Galicia<\/p>\n<\/div>\n\n\n\n<div class=\"wp-block-column is-vertically-aligned-center has-theme-palette-7-background-color has-background has-theme-palette7-background-color is-layout-flow wp-block-column-is-layout-flow\" style=\"border-top-left-radius:15px;border-top-right-radius:15px;border-bottom-left-radius:15px;border-bottom-right-radius:15px;padding-top:var(--wp--preset--spacing--20);padding-right:var(--wp--preset--spacing--20);padding-bottom:var(--wp--preset--spacing--20);padding-left:var(--wp--preset--spacing--20);box-shadow:var(--wp--preset--shadow--natural)\"><div class=\"wp-block-image\">\n<figure class=\"aligncenter size-full is-resized\" style=\"margin-top:0;margin-bottom:0\"><img loading=\"lazy\" decoding=\"async\" width=\"48\" height=\"49\" src=\"https:\/\/arqueoloxia.es\/wp-content\/uploads\/2026\/03\/noun-geometrical-tools-2407518.png\" alt=\"herramientas para asesoramiento t\u00e9cnico\" class=\"wp-image-618\" style=\"aspect-ratio:1;object-fit:cover;width:30px\"\/><\/figure>\n<\/div>\n\n\n<h3 class=\"wp-block-heading has-text-align-center has-theme-palette-1-color has-text-color has-superbfont-small-font-size\" style=\"margin-top:0;margin-bottom:0\">Asesoramiento T\u00e9cnico<\/h3>\n\n\n\n<p class=\"has-text-align-center has-theme-palette-1-color has-text-color has-superbfont-xsmall-font-size\">Ofrecemos asesoramiento arqueol\u00f3gico especializado<\/p>\n<\/div>\n\n\n\n<div class=\"wp-block-column is-vertically-aligned-center has-theme-palette-1-background-color has-background has-theme-palette1-background-color is-layout-flow wp-block-column-is-layout-flow\" style=\"border-top-left-radius:15px;border-top-right-radius:15px;border-bottom-left-radius:15px;border-bottom-right-radius:15px;padding-top:var(--wp--preset--spacing--20);padding-right:var(--wp--preset--spacing--20);padding-bottom:var(--wp--preset--spacing--20);padding-left:var(--wp--preset--spacing--20);box-shadow:var(--wp--preset--shadow--natural)\"><div class=\"wp-block-image\">\n<figure class=\"aligncenter size-full is-resized\" style=\"margin-top:0;margin-bottom:0\"><img loading=\"lazy\" decoding=\"async\" width=\"72\" height=\"96\" src=\"https:\/\/arqueoloxia.es\/wp-content\/uploads\/2026\/03\/noun-construction-3733049.png\" alt=\"herramienta arqueol\u00f3gica para excavaci\u00f3n\" class=\"wp-image-622\" style=\"width:25px\"\/><\/figure>\n<\/div>\n\n\n<h3 class=\"wp-block-heading has-text-align-center has-theme-palette-4-color has-text-color has-superbfont-small-font-size\" style=\"margin-top:0;margin-bottom:0\">Excavaciones<\/h3>\n\n\n\n<p class=\"has-text-align-center has-secondary-color has-text-color has-superbfont-xsmall-font-size\">Excavaciones arqueol\u00f3gicas    y gesti\u00f3n del patrimonio<\/p>\n<\/div>\n\n\n\n<div class=\"wp-block-column is-vertically-aligned-center has-theme-palette-7-background-color has-background has-theme-palette7-background-color is-layout-flow wp-block-column-is-layout-flow\" style=\"border-top-left-radius:15px;border-top-right-radius:15px;border-bottom-left-radius:15px;border-bottom-right-radius:15px;padding-top:var(--wp--preset--spacing--20);padding-right:var(--wp--preset--spacing--20);padding-bottom:var(--wp--preset--spacing--20);padding-left:var(--wp--preset--spacing--20);box-shadow:var(--wp--preset--shadow--natural)\"><div class=\"wp-block-image\">\n<figure class=\"aligncenter size-full is-resized\" style=\"margin-top:0;margin-bottom:0\"><img loading=\"lazy\" decoding=\"async\" width=\"48\" height=\"49\" src=\"https:\/\/arqueoloxia.es\/wp-content\/uploads\/2026\/03\/noun-drawing-2407472.png\" alt=\"detecci\u00f3n de sondeo arqueol\u00f3gico\" class=\"wp-image-615\" style=\"aspect-ratio:1;object-fit:cover;width:30px\"\/><\/figure>\n<\/div>\n\n\n<h3 class=\"wp-block-heading has-text-align-center has-theme-palette-1-color has-text-color has-superbfont-small-font-size\" style=\"margin-top:0;margin-bottom:0\">Sondeos<\/h3>\n\n\n\n<p class=\"has-text-align-center has-theme-palette-1-color has-text-color has-superbfont-xsmall-font-size\">Sondeos arqueol\u00f3gicos          de detecci\u00f3n y evaluaci\u00f3n<\/p>\n<\/div>\n<\/div>\n<\/div><\/div>\n<\/div><\/div>\n\n\n\n<div class=\"wp-block-group alignfull\"><div class=\"wp-block-group__inner-container is-layout-flow wp-block-group-is-layout-flow\">\n<div class=\"wp-block-group medio-ancho has-theme-palette-4-background-color has-background\" style=\"border-style:none;border-width:0px;border-top-left-radius:15px;border-top-right-radius:15px;border-bottom-left-radius:15px;border-bottom-right-radius:15px;margin-top:0;margin-bottom:0;padding-top:var(--wp--preset--spacing--superbspacing-xxlarge);padding-right:var(--wp--preset--spacing--40);padding-bottom:var(--wp--preset--spacing--superbspacing-xxlarge);padding-left:var(--wp--preset--spacing--40)\"><div class=\"wp-block-group__inner-container is-layout-constrained wp-container-core-group-is-layout-78a69bba wp-block-group-is-layout-constrained\">\n<div class=\"wp-block-group alignwide has-theme-palette-7-background-color has-background is-content-justification-space-between is-layout-flex wp-container-core-group-is-layout-daf8f47a wp-block-group-is-layout-flex\" style=\"border-top-left-radius:15px;border-top-right-radius:15px;border-bottom-left-radius:15px;border-bottom-right-radius:15px;margin-top:0;margin-bottom:0;padding-top:var(--wp--preset--spacing--30);padding-bottom:var(--wp--preset--spacing--30)\">\n<div class=\"wp-block-group\"><div class=\"wp-block-group__inner-container is-layout-constrained wp-container-core-group-is-layout-fe6fb673 wp-block-group-is-layout-constrained\">\n<h2 class=\"wp-block-heading has-text-align-center has-theme-palette-1-color has-text-color has-larger-font-size\" style=\"font-style:normal;font-weight:500\">\u00bfNecesitas asesoramiento?<\/h2>\n\n\n\n<p class=\"has-text-align-center has-theme-palette-2-color has-text-color has-superbfont-medium-font-size\"><strong>Contacta sin compromiso<\/strong><\/p>\n<\/div><\/div>\n\n\n\n<div class=\"wp-block-buttons is-content-justification-center is-layout-flex wp-container-core-buttons-is-layout-3bc765ea wp-block-buttons-is-layout-flex\">\n<div class=\"wp-block-button is-style-fill\"><a class=\"wp-block-button__link has-theme-palette-9-color has-theme-palette-1-background-color has-text-color has-background has-link-color has-superbfont-small-font-size has-text-align-center has-custom-font-size wp-element-button\" href=\"https:\/\/arqueoloxia.es\/?page_id=960\" style=\"border-top-left-radius:15px;border-top-right-radius:15px;border-bottom-left-radius:15px;border-bottom-right-radius:15px\">Contacto<\/a><\/div>\n\n\n\n<div class=\"wp-block-button\"><a class=\"wp-block-button__link has-theme-palette-9-color has-theme-palette-3-background-color has-text-color has-background has-link-color has-superbfont-small-font-size has-text-align-center has-custom-font-size wp-element-button\" href=\"https:\/\/arqueoloxia.es\/?page_id=960\" style=\"border-top-left-radius:14px;border-top-right-radius:14px;border-bottom-left-radius:14px;border-bottom-right-radius:14px\">Pedir presupuesto<\/a><\/div>\n<\/div>\n<\/div>\n<\/div><\/div>\n<\/div><\/div>\n<\/div><\/div>\n\n\n\n<div superb-addons-animation=\"fadeIn\" class=\"wp-block-media-text is-stacked-on-mobile is-vertically-aligned-center is-image-fill-element\" style=\"border-top-left-radius:15px;border-top-right-radius:15px;border-bottom-left-radius:15px;border-bottom-right-radius:15px;padding-top:var(--wp--preset--spacing--30);padding-right:var(--wp--preset--spacing--30);padding-bottom:var(--wp--preset--spacing--30);padding-left:var(--wp--preset--spacing--30);grid-template-columns:30% auto;opacity: 0;\"><figure class=\"wp-block-media-text__media\"><img loading=\"lazy\" decoding=\"async\" width=\"2319\" height=\"2448\" src=\"https:\/\/arqueoloxia.es\/wp-content\/uploads\/2024\/05\/20220119_092809.png\" alt=\"Pala excavadora en una obra\" class=\"wp-image-214 size-full\" style=\"object-position:55% 56%\" srcset=\"https:\/\/arqueoloxia.es\/wp-content\/uploads\/2024\/05\/20220119_092809.png 2319w, https:\/\/arqueoloxia.es\/wp-content\/uploads\/2024\/05\/20220119_092809-284x300.png 284w, https:\/\/arqueoloxia.es\/wp-content\/uploads\/2024\/05\/20220119_092809-970x1024.png 970w, https:\/\/arqueoloxia.es\/wp-content\/uploads\/2024\/05\/20220119_092809-768x811.png 768w, https:\/\/arqueoloxia.es\/wp-content\/uploads\/2024\/05\/20220119_092809-1455x1536.png 1455w, https:\/\/arqueoloxia.es\/wp-content\/uploads\/2024\/05\/20220119_092809-1940x2048.png 1940w\" sizes=\"auto, (max-width: 2319px) 100vw, 2319px\" \/><\/figure><div class=\"wp-block-media-text__content\">\n<h3 class=\"wp-block-heading has-theme-palette-1-color has-text-color has-link-color has-large-font-size wp-elements-db05d45a7bb8f681f92690cf84e428b8\" style=\"margin-top:var(--wp--preset--spacing--60);margin-bottom:var(--wp--preset--spacing--60)\">\u00bfC\u00faando necesito un control arqueol\u00f3gico de obra?<\/h3>\n\n\n\n<p class=\"has-theme-palette-1-color has-text-color has-link-color has-mobile-text-align-justify wp-elements-3955c78601f6fd435677e2b937defb0b\">El control arqueol\u00f3gico de obra es obligatorio en Galicia cuando un proyecto de construcci\u00f3n puede afectar a zonas con potencial arqueol\u00f3gico o est\u00e1 sujeto a condiciones establecidas por la administraci\u00f3n. Suele requerirse en fases previas al inicio de obra o durante movimientos de tierra, especialmente en proyectos de obra civil y edificaci\u00f3n. Contar con un servicio de arqueolog\u00eda preventiva permite cumplir la normativa vigente, evitar paralizaciones y garantizar el desarrollo del proyecto con seguridad t\u00e9cnica.<\/p>\n<\/div><\/div>\n\n\n\n<div class=\"wp-block-media-text has-media-on-the-right is-stacked-on-mobile is-image-fill-element has-theme-palette-7-background-color has-background\" style=\"margin-top:0px;margin-bottom:0px;padding-top:0;padding-bottom:0;grid-template-columns:auto 33%\"><div class=\"wp-block-media-text__content\">\n<h3 class=\"wp-block-heading has-theme-palette-1-color has-text-color has-link-color has-large-font-size wp-elements-8aee985a40f5dfb8f961e53c31f90fae\" style=\"margin-top:var(--wp--preset--spacing--60);margin-bottom:var(--wp--preset--spacing--60)\">\u00bfC\u00faando solicitar asesoramiento t\u00e9cnico?<\/h3>\n\n\n\n<p class=\"has-theme-palette-1-color has-text-color has-link-color wp-elements-86ba75b1d67d4c46efeb8111dddfdcbb\" style=\"margin-top:var(--wp--preset--spacing--60);margin-bottom:var(--wp--preset--spacing--60)\"><span class=\"has-superb-addons-text-align-justify\">El asesoramiento t\u00e9cnico arqueol\u00f3gico debe solicitarse en las fases iniciales de un proyecto de obra civil o edificaci\u00f3n, antes de la redacci\u00f3n definitiva o el inicio de los trabajos. Permite identificar posibles afecciones al patrimonio, definir las actuaciones necesarias y agilizar la tramitaci\u00f3n administrativa, evitando imprevistos y retrasos durante la ejecuci\u00f3n de la obra.<\/span><\/p>\n<\/div><figure class=\"wp-block-media-text__media\"><img loading=\"lazy\" decoding=\"async\" width=\"1024\" height=\"685\" src=\"https:\/\/arqueoloxia.es\/wp-content\/uploads\/2026\/03\/AdobeStock_85002219-1024x685.jpeg\" alt=\"trabajo t\u00e9cnico arqueol\u00f3gico\" class=\"wp-image-823 size-full\" style=\"object-position:3% 35%\" srcset=\"https:\/\/arqueoloxia.es\/wp-content\/uploads\/2026\/03\/AdobeStock_85002219-1024x685.jpeg 1024w, https:\/\/arqueoloxia.es\/wp-content\/uploads\/2026\/03\/AdobeStock_85002219-300x201.jpeg 300w, https:\/\/arqueoloxia.es\/wp-content\/uploads\/2026\/03\/AdobeStock_85002219-768x514.jpeg 768w, https:\/\/arqueoloxia.es\/wp-content\/uploads\/2026\/03\/AdobeStock_85002219-1536x1028.jpeg 1536w, https:\/\/arqueoloxia.es\/wp-content\/uploads\/2026\/03\/AdobeStock_85002219-2048x1371.jpeg 2048w\" sizes=\"auto, (max-width: 1024px) 100vw, 1024px\" \/><\/figure><\/div>\n\n\n\n<div class=\"wp-block-media-text is-stacked-on-mobile is-image-fill-element\" style=\"margin-top:0px;margin-right:0;margin-bottom:0px;margin-left:0;padding-top:0;padding-bottom:0;grid-template-columns:44% auto\"><figure class=\"wp-block-media-text__media\"><img loading=\"lazy\" decoding=\"async\" width=\"4000\" height=\"1864\" src=\"https:\/\/arqueoloxia.es\/wp-content\/uploads\/2024\/05\/CABECERA.png\" alt=\"excavaci\u00f3n arqueol\u00f3gica exterior\" class=\"wp-image-140 size-full\" style=\"object-position:84% 100%\" srcset=\"https:\/\/arqueoloxia.es\/wp-content\/uploads\/2024\/05\/CABECERA.png 4000w, https:\/\/arqueoloxia.es\/wp-content\/uploads\/2024\/05\/CABECERA-300x140.png 300w, https:\/\/arqueoloxia.es\/wp-content\/uploads\/2024\/05\/CABECERA-1024x477.png 1024w, https:\/\/arqueoloxia.es\/wp-content\/uploads\/2024\/05\/CABECERA-768x358.png 768w, https:\/\/arqueoloxia.es\/wp-content\/uploads\/2024\/05\/CABECERA-1536x716.png 1536w, https:\/\/arqueoloxia.es\/wp-content\/uploads\/2024\/05\/CABECERA-2048x954.png 2048w\" sizes=\"auto, (max-width: 4000px) 100vw, 4000px\" \/><\/figure><div class=\"wp-block-media-text__content\">\n<h3 class=\"wp-block-heading has-theme-palette-1-color has-text-color has-link-color has-large-font-size wp-elements-90e7859eabf5f44db6c0ca4fe69af0e0\" style=\"margin-top:var(--wp--preset--spacing--60);margin-bottom:var(--wp--preset--spacing--60)\">\u00bfC\u00f3mo afrontar una excavaci\u00f3n arqueol\u00f3gica?<\/h3>\n\n\n\n<p class=\"has-theme-palette-1-color has-text-color has-link-color wp-elements-df8a4eec73906ee48786d567c9d25abb\" style=\"margin-top:var(--wp--preset--spacing--60);margin-bottom:var(--wp--preset--spacing--60)\"><span class=\"has-superb-addons-text-align-justify\">Una excavaci\u00f3n arqueol\u00f3gica debe abordarse con planificaci\u00f3n t\u00e9cnica desde el inicio del proyecto, definiendo objetivos, metodolog\u00eda y coordinaci\u00f3n con la obra. Es fundamental contar con un equipo especializado que garantice el cumplimiento de la normativa, la correcta documentaci\u00f3n de los restos y la integraci\u00f3n de los trabajos arqueol\u00f3gicos sin afectar al desarrollo y plazos de la construcci\u00f3n.<\/span><\/p>\n<\/div><\/div>\n\n\n\n<div class=\"wp-block-media-text has-media-on-the-right is-stacked-on-mobile is-image-fill-element has-theme-palette-7-background-color has-background\" style=\"grid-template-columns:auto 34%\"><div class=\"wp-block-media-text__content\">\n<h3 class=\"wp-block-heading has-theme-palette-1-color has-text-color has-link-color has-large-font-size wp-elements-c50a6dbca69b7d7f3003a0d1f03044c9\" style=\"margin-top:var(--wp--preset--spacing--60);margin-bottom:var(--wp--preset--spacing--60)\">\u00bfQu\u00e9 son los sondeos valorativos?<\/h3>\n\n\n\n<p class=\"has-theme-palette-1-color has-text-color has-link-color wp-elements-aff68072077a4c089b40ba618334b5fb\" style=\"margin-top:var(--wp--preset--spacing--60);margin-bottom:var(--wp--preset--spacing--60)\"><span class=\"has-superb-addons-text-align-justify\">Los sondeos valorativos son intervenciones arqueol\u00f3gicas previas que permiten detectar la presencia de restos en una parcela antes del inicio de la obra. Se utilizan en arqueolog\u00eda preventiva para evaluar el impacto del proyecto, definir las medidas necesarias y garantizar el cumplimiento de la normativa sin generar retrasos en la ejecuci\u00f3n.<\/span><\/p>\n<\/div><figure class=\"wp-block-media-text__media\"><img loading=\"lazy\" decoding=\"async\" width=\"1024\" height=\"678\" src=\"https:\/\/arqueoloxia.es\/wp-content\/uploads\/2026\/03\/AdobeStock_1195938840-1024x678.jpeg\" alt=\"herramienta en excavaci\u00f3n arqueol\u00f3gica\" class=\"wp-image-829 size-full\" style=\"object-position:46% 71%\" srcset=\"https:\/\/arqueoloxia.es\/wp-content\/uploads\/2026\/03\/AdobeStock_1195938840-1024x678.jpeg 1024w, https:\/\/arqueoloxia.es\/wp-content\/uploads\/2026\/03\/AdobeStock_1195938840-300x199.jpeg 300w, https:\/\/arqueoloxia.es\/wp-content\/uploads\/2026\/03\/AdobeStock_1195938840-768x509.jpeg 768w, https:\/\/arqueoloxia.es\/wp-content\/uploads\/2026\/03\/AdobeStock_1195938840-1536x1017.jpeg 1536w, https:\/\/arqueoloxia.es\/wp-content\/uploads\/2026\/03\/AdobeStock_1195938840-2048x1356.jpeg 2048w\" sizes=\"auto, (max-width: 1024px) 100vw, 1024px\" \/><\/figure><\/div>\n","protected":false},"excerpt":{"rendered":"<p>\u00bfQu\u00e9 hacemos? Obra Civil Control arqueol\u00f3gico de obra civil y edificaci\u00f3n en Galicia Asesoramiento T\u00e9cnico Ofrecemos asesoramiento arqueol\u00f3gico especializado Excavaciones Excavaciones arqueol\u00f3gicas y gesti\u00f3n del patrimonio Sondeos Sondeos arqueol\u00f3gicos de detecci\u00f3n y evaluaci\u00f3n \u00bfNecesitas asesoramiento? Contacta sin compromiso \u00bfC\u00faando necesito un control arqueol\u00f3gico de obra? El control arqueol\u00f3gico de obra es obligatorio en Galicia cuando&#8230;<\/p>\n","protected":false},"author":1,"featured_media":0,"parent":0,"menu_order":0,"comment_status":"closed","ping_status":"closed","template":"","meta":{"_editorskit_title_hidden":true,"_editorskit_reading_time":0,"_editorskit_is_block_options_detached":false,"_editorskit_block_options_position":"{}","_uag_custom_page_level_css":"","_monsterinsights_skip_tracking":false,"_monsterinsights_sitenote_active":false,"_monsterinsights_sitenote_note":"","_monsterinsights_sitenote_category":0,"_kad_post_transparent":"","_kad_post_title":"","_kad_post_layout":"","_kad_post_sidebar_id":"","_kad_post_content_style":"","_kad_post_vertical_padding":"","_kad_post_feature":"","_kad_post_feature_position":"","_kad_post_header":false,"_kad_post_footer":false,"_kad_post_classname":"","footnotes":""},"class_list":["post-518","page","type-page","status-publish","hentry"],"aioseo_notices":[],"uagb_featured_image_src":{"full":false,"thumbnail":false,"medium":false,"medium_large":false,"large":false,"1536x1536":false,"2048x2048":false},"uagb_author_info":{"display_name":"Axa Arqueoloxia","author_link":"https:\/\/arqueoloxia.es\/?author=1"},"uagb_comment_info":0,"uagb_excerpt":"\u00bfQu\u00e9 hacemos? Obra Civil Control arqueol\u00f3gico de obra civil y edificaci\u00f3n en Galicia Asesoramiento T\u00e9cnico Ofrecemos asesoramiento arqueol\u00f3gico especializado Excavaciones Excavaciones arqueol\u00f3gicas y gesti\u00f3n del patrimonio Sondeos Sondeos arqueol\u00f3gicos de detecci\u00f3n y evaluaci\u00f3n \u00bfNecesitas asesoramiento? Contacta sin compromiso \u00bfC\u00faando necesito un control arqueol\u00f3gico de obra? El control arqueol\u00f3gico de obra es obligatorio en Galicia cuando...","_links":{"self":[{"href":"https:\/\/arqueoloxia.es\/index.php?rest_route=\/wp\/v2\/pages\/518","targetHints":{"allow":["GET"]}}],"collection":[{"href":"https:\/\/arqueoloxia.es\/index.php?rest_route=\/wp\/v2\/pages"}],"about":[{"href":"https:\/\/arqueoloxia.es\/index.php?rest_route=\/wp\/v2\/types\/page"}],"author":[{"embeddable":true,"href":"https:\/\/arqueoloxia.es\/index.php?rest_route=\/wp\/v2\/users\/1"}],"replies":[{"embeddable":true,"href":"https:\/\/arqueoloxia.es\/index.php?rest_route=%2Fwp%2Fv2%2Fcomments&post=518"}],"version-history":[{"count":112,"href":"https:\/\/arqueoloxia.es\/index.php?rest_route=\/wp\/v2\/pages\/518\/revisions"}],"predecessor-version":[{"id":1123,"href":"https:\/\/arqueoloxia.es\/index.php?rest_route=\/wp\/v2\/pages\/518\/revisions\/1123"}],"wp:attachment":[{"href":"https:\/\/arqueoloxia.es\/index.php?rest_route=%2Fwp%2Fv2%2Fmedia&parent=518"}],"curies":[{"name":"wp","href":"https:\/\/api.w.org\/{rel}","templated":true}]}}